{"id":188,"date":"2024-04-02T14:57:56","date_gmt":"2024-04-02T12:57:56","guid":{"rendered":"https:\/\/psychologpachowiczlibera.pl\/?page_id=188"},"modified":"2024-04-02T14:57:56","modified_gmt":"2024-04-02T12:57:56","slug":"terapia-dzieci","status":"publish","type":"page","link":"https:\/\/psychologpachowiczlibera.pl\/index.php\/terapia-dzieci\/","title":{"rendered":"TERAPIA DZIECI"},"content":{"rendered":"\n<p><strong>METODA KIDS&#8217; SKILLS \u2013 DAM RAD\u0118!<\/strong><\/p>\n\n\n\n<p><br>Praktyczna metoda pomagania dzieciom w uczeniu si\u0119 umiej\u0119tno\u015bci przezwyci\u0119\u017cania r\u00f3\u017cnych problem\u00f3w.<\/p>\n\n\n\n<p>DLA KOGO?<\/p>\n\n\n\n<p>Dla dzieci w wieku 3-12 lat, kt\u00f3re maj\u0105 :<\/p>\n\n\n\n<ul class=\"wp-block-list\">\n<li>napady z\u0142o\u015bci<\/li>\n\n\n\n<li>problemy z adaptacj\u0105 do przedszkola\/szko\u0142y<\/li>\n\n\n\n<li>zaburzenia koncentracji<\/li>\n\n\n\n<li>z\u0142e nawyki (np. obgryzanie paznokci)<\/li>\n\n\n\n<li>problemy z korzystaniem z toalety<\/li>\n\n\n\n<li>zaburzenia od\u017cywiania<\/li>\n\n\n\n<li>uzale\u017cnienie od telefonu\/ tabletu<\/li>\n\n\n\n<li>niew\u0142a\u015bciwe zachowania<\/li>\n<\/ul>\n","protected":false},"excerpt":{"rendered":"<p>METODA KIDS&#8217; SKILLS \u2013 DAM RAD\u0118! Praktyczna metoda pomagania dzieciom w uczeniu si\u0119 umiej\u0119tno\u015bci przezwyci\u0119\u017cania r\u00f3\u017cnych problem\u00f3w. DLA KOGO? Dla dzieci w wieku 3-12 lat, kt\u00f3re maj\u0105 :<\/p>\n","protected":false},"author":1,"featured_media":0,"parent":0,"menu_order":0,"comment_status":"closed","ping_status":"closed","template":"","meta":{"footnotes":""},"class_list":["post-188","page","type-page","status-publish","hentry"],"_links":{"self":[{"href":"https:\/\/psychologpachowiczlibera.pl\/index.php\/wp-json\/wp\/v2\/pages\/188","targetHints":{"allow":["GET"]}}],"collection":[{"href":"https:\/\/psychologpachowiczlibera.pl\/index.php\/wp-json\/wp\/v2\/pages"}],"about":[{"href":"https:\/\/psychologpachowiczlibera.pl\/index.php\/wp-json\/wp\/v2\/types\/page"}],"author":[{"embeddable":true,"href":"https:\/\/psychologpachowiczlibera.pl\/index.php\/wp-json\/wp\/v2\/users\/1"}],"replies":[{"embeddable":true,"href":"https:\/\/psychologpachowiczlibera.pl\/index.php\/wp-json\/wp\/v2\/comments?post=188"}],"version-history":[{"count":1,"href":"https:\/\/psychologpachowiczlibera.pl\/index.php\/wp-json\/wp\/v2\/pages\/188\/revisions"}],"predecessor-version":[{"id":189,"href":"https:\/\/psychologpachowiczlibera.pl\/index.php\/wp-json\/wp\/v2\/pages\/188\/revisions\/189"}],"wp:attachment":[{"href":"https:\/\/psychologpachowiczlibera.pl\/index.php\/wp-json\/wp\/v2\/media?parent=188"}],"curies":[{"name":"wp","href":"https:\/\/api.w.org\/{rel}","templated":true}]}}