{"id":63,"date":"2023-05-09T00:39:22","date_gmt":"2023-05-08T22:39:22","guid":{"rendered":"http:\/\/www.psychologpachowiczlibera.pl\/?page_id=63"},"modified":"2024-04-03T11:04:39","modified_gmt":"2024-04-03T09:04:39","slug":"cennik","status":"publish","type":"page","link":"https:\/\/psychologpachowiczlibera.pl\/index.php\/cennik\/","title":{"rendered":"Cennik"},"content":{"rendered":"\n<p><strong>Rodzaj us\u0142ugi i odp\u0142atno\u015b\u0107:<\/strong><\/p>\n\n\n\n<ul class=\"wp-block-list\">\n<li>Terapia EMDR \u2013 200 z\u0142<\/li>\n\n\n\n<li>Badania na potrzeby diagnoz lekarskich \u2013 250 z\u0142<\/li>\n\n\n\n<li>Badania psychologiczne dla cel\u00f3w orzeczniczych \u2013 250 z\u0142<\/li>\n\n\n\n<li>Terapia psychodietetycza \u2013 180 z\u0142<\/li>\n\n\n\n<li>Porady psychologiczne \u2013 150 z\u0142<\/li>\n\n\n\n<li>Terapia dzieci &#8211; 200 z\u0142<\/li>\n<\/ul>\n","protected":false},"excerpt":{"rendered":"<p>Rodzaj us\u0142ugi i odp\u0142atno\u015b\u0107:<\/p>\n","protected":false},"author":1,"featured_media":0,"parent":0,"menu_order":0,"comment_status":"closed","ping_status":"closed","template":"","meta":{"footnotes":""},"class_list":["post-63","page","type-page","status-publish","hentry"],"_links":{"self":[{"href":"https:\/\/psychologpachowiczlibera.pl\/index.php\/wp-json\/wp\/v2\/pages\/63","targetHints":{"allow":["GET"]}}],"collection":[{"href":"https:\/\/psychologpachowiczlibera.pl\/index.php\/wp-json\/wp\/v2\/pages"}],"about":[{"href":"https:\/\/psychologpachowiczlibera.pl\/index.php\/wp-json\/wp\/v2\/types\/page"}],"author":[{"embeddable":true,"href":"https:\/\/psychologpachowiczlibera.pl\/index.php\/wp-json\/wp\/v2\/users\/1"}],"replies":[{"embeddable":true,"href":"https:\/\/psychologpachowiczlibera.pl\/index.php\/wp-json\/wp\/v2\/comments?post=63"}],"version-history":[{"count":7,"href":"https:\/\/psychologpachowiczlibera.pl\/index.php\/wp-json\/wp\/v2\/pages\/63\/revisions"}],"predecessor-version":[{"id":199,"href":"https:\/\/psychologpachowiczlibera.pl\/index.php\/wp-json\/wp\/v2\/pages\/63\/revisions\/199"}],"wp:attachment":[{"href":"https:\/\/psychologpachowiczlibera.pl\/index.php\/wp-json\/wp\/v2\/media?parent=63"}],"curies":[{"name":"wp","href":"https:\/\/api.w.org\/{rel}","templated":true}]}}