{"id":73,"date":"2023-05-09T01:00:53","date_gmt":"2023-05-08T23:00:53","guid":{"rendered":"http:\/\/www.psychologpachowiczlibera.pl\/?page_id=73"},"modified":"2023-05-09T14:22:41","modified_gmt":"2023-05-09T12:22:41","slug":"o-mnie","status":"publish","type":"page","link":"https:\/\/psychologpachowiczlibera.pl\/index.php\/o-mnie\/","title":{"rendered":"O mnie"},"content":{"rendered":"\n<p><strong>Wykszta\u0142cenie<\/strong>: <\/p>\n\n\n\n<ul class=\"wp-block-list\">\n<li>Studia magisterskie z psychologii na Wydziale Pedagogiki i Psychologii Uniwersytetu Marii Curie Sk\u0142odowskiej w Lublinie ( \u015bcie\u017cka: psychologia kliniczna) (2011 r.)<\/li>\n\n\n\n<li>Studia podyplomowe: Psychologia transportu, Wydzia\u0142 Zarz\u0105dzania i Komunikacji Spo\u0142ecznej Uniwersytetu Jagiello\u0144skiego w Krakowie (2012 r.)<\/li>\n\n\n\n<li>Studia podyplomowe : Psychodietetyka , Szko\u0142a Wy\u017csza Psychologii Spo\u0142ecznej Wydzia\u0142 Zamiejscowy we Wroc\u0142awiu (2013 r.) <\/li>\n\n\n\n<li>Szkolenie: \u201e Testy w diagnozie neuropsychologicznej &#8211; przegl\u0105d metod\u201d przeprowadzonym przez Pracowni\u0119 Test\u00f3w Psychologicznych Polskiego Towarzystwa Psychologicznego w Warszawie (2013 r.)<\/li>\n\n\n\n<li>Szkolenie EMDR Europe Level 1 Training \u2013 dr Anna Rita Verardo \u2013 Polskie Towarzystwo Terapii EMDR (2016 r.)<\/li>\n\n\n\n<li>Szkolenie EMDR Basic Training \u2013 dr Anna Rita Verardo \u2013 Polskie Towarzystwo Terapii EMDR (2016 r.)<\/li>\n<\/ul>\n\n\n\n<p><\/p>\n\n\n\n<p><strong>Do\u015bwiadczenie zawodowe: <\/strong><\/p>\n\n\n\n<ul class=\"wp-block-list\">\n<li>W\u0142asna dzia\u0142alno\u015b\u0107: prywaty gabinet psychologiczny od 2012 r. <\/li>\n\n\n\n<li>Szpital Wojew\u00f3dzki im. \u015aw. \u0141ukasza w Tarnowie: oddzia\u0142 Neurologii z pododdzia\u0142em udarowym &#8211; psycholog <\/li>\n\n\n\n<li>Spo\u0142eczna Szko\u0142a Podstawowa nr 1 w Tarnowie \u2013 psycholog<\/li>\n<\/ul>\n","protected":false},"excerpt":{"rendered":"<p>Wykszta\u0142cenie: Do\u015bwiadczenie zawodowe:<\/p>\n","protected":false},"author":1,"featured_media":0,"parent":0,"menu_order":0,"comment_status":"closed","ping_status":"closed","template":"","meta":{"footnotes":""},"class_list":["post-73","page","type-page","status-publish","hentry"],"_links":{"self":[{"href":"https:\/\/psychologpachowiczlibera.pl\/index.php\/wp-json\/wp\/v2\/pages\/73","targetHints":{"allow":["GET"]}}],"collection":[{"href":"https:\/\/psychologpachowiczlibera.pl\/index.php\/wp-json\/wp\/v2\/pages"}],"about":[{"href":"https:\/\/psychologpachowiczlibera.pl\/index.php\/wp-json\/wp\/v2\/types\/page"}],"author":[{"embeddable":true,"href":"https:\/\/psychologpachowiczlibera.pl\/index.php\/wp-json\/wp\/v2\/users\/1"}],"replies":[{"embeddable":true,"href":"https:\/\/psychologpachowiczlibera.pl\/index.php\/wp-json\/wp\/v2\/comments?post=73"}],"version-history":[{"count":5,"href":"https:\/\/psychologpachowiczlibera.pl\/index.php\/wp-json\/wp\/v2\/pages\/73\/revisions"}],"predecessor-version":[{"id":150,"href":"https:\/\/psychologpachowiczlibera.pl\/index.php\/wp-json\/wp\/v2\/pages\/73\/revisions\/150"}],"wp:attachment":[{"href":"https:\/\/psychologpachowiczlibera.pl\/index.php\/wp-json\/wp\/v2\/media?parent=73"}],"curies":[{"name":"wp","href":"https:\/\/api.w.org\/{rel}","templated":true}]}}