{"id":78,"date":"2023-05-09T01:06:10","date_gmt":"2023-05-08T23:06:10","guid":{"rendered":"http:\/\/www.psychologpachowiczlibera.pl\/?page_id=78"},"modified":"2023-05-09T12:04:47","modified_gmt":"2023-05-09T10:04:47","slug":"terapia-emdr-eye-movement-desensitization-and-reprocesing","status":"publish","type":"page","link":"https:\/\/psychologpachowiczlibera.pl\/index.php\/terapia-emdr-eye-movement-desensitization-and-reprocesing\/","title":{"rendered":"TERAPIA EMDR (Eye Movement Desensitization and Reprocessing)"},"content":{"rendered":"\n<p><strong>TERAPIA EMDR \u2013 CO TO JEST?<\/strong><\/p>\n\n\n\n<p>Terapia EMDR jest pr\u0119\u017cnie rozwijaj\u0105c\u0105 si\u0119 form\u0105 psychoterapii, rekomendowan\u0105 m.in. przez WHO, Ameryka\u0144skie Towarzystwo Psychiatryczne i Psychologiczne oraz Mi\u0119dzynarodow\u0105 Organizacj\u0119 Stresu Traumatycznego.<\/p>\n\n\n\n<p>Terapia EMDR jest skuteczn\u0105 metod\u0105 terapii traumy. Pierwotnie by\u0142a wykorzystywana do leczenia zespo\u0142u stresu pourazowego (PTSD). Podstawy metody opracowa\u0142a Francine Shapiro, kt\u00f3ra odkry\u0142a , \u017ce szybkie i powtarzaj\u0105ce si\u0119 ruchy ga\u0142ek ocznych znacznie redukuj\u0119 poziom l\u0119ku u ludzi , kt\u00f3rzy doznali traumatyzuj\u0105cych prze\u017cy\u0107. Obecnie uwa\u017ca si\u0119, \u017ce redukcja l\u0119ku stanowi efekt bilateralnej stymulacji m\u00f3zgu, kt\u00f3ry mo\u017cna osi\u0105gn\u0105\u0107 za pomoc\u0105 ruch\u00f3w ga\u0142ek&nbsp; ocznych , stymulacji d\u017awi\u0119kowej lub tappingu (dotykania).<\/p>\n\n\n\n<p>Nasz m\u00f3zg posiada naturaln\u0105 zdolno\u015b\u0107 leczenia uraz\u00f3w psychicznych. Traumatyczne do\u015bwiadczenia mog\u0105 jednak zablokowa\u0107 naturalny proces przetwarzania informacji. Wtedy emocje, my\u015bli , doznania, kt\u00f3re towarzyszy\u0142y traumatycznemu do\u015bwiadczeniu pozostaj\u0105 \u017cywe w naszej pami\u0119ci. Celem terapii jest praca z nieprzetworzonymi wspomnieniami, kt\u00f3re bez wzgl\u0119du na to jak dawno mia\u0142y miejsce, determinuj\u0105 nasze samopoczucie, wp\u0142ywaj\u0105c na pogorszenie jako\u015bci \u017cycia.<\/p>\n\n\n\n<p>Trudne do\u015bwiadczenia w relacjach rodzinnych, partnerskich , zawodowych mog\u0105 mie\u0107 takie same konsekwencje jak trauma zwi\u0105zana z tragicznym wydarzeniem \u017cyciowym.<\/p>\n\n\n\n<p>Warto zaznaczy\u0107, \u017ce problemem mo\u017ce by\u0107 nie tylko to co si\u0119 wydarzy\u0142o w \u017cyciu pacjenta (straszne zdarzenia z przesz\u0142o\u015bci), ale r\u00f3wnie\u017c to czego w nim zabrak\u0142o \u2013 brak akceptacji, mi\u0142o\u015bci, wsparcia.&nbsp; Terapia pozwala uzyska\u0107 now\u0105 perspektyw\u0119, lepiej zrozumie\u0107 przesz\u0142e do\u015bwiadczenia, ukierunkowa\u0107 dzia\u0142ania w pozytywnym kierunku.<\/p>\n\n\n\n<p><strong>DLA KOGO?<\/strong><\/p>\n\n\n\n<p>Terapia EMDR jest adresowana do r\u00f3\u017cnych grup pacjent\u00f3w, niezale\u017cnie od wieku. Jest to skuteczna metoda w leczeniu takich zaburze\u0144 jak:<\/p>\n\n\n\n<ul class=\"wp-block-list\">\n<li>zesp\u00f3\u0142 stresu pourazowego<\/li>\n\n\n\n<li>zaburzenia nastroju<\/li>\n\n\n\n<li>zaburzenia l\u0119kowe<\/li>\n\n\n\n<li>uzale\u017cnienia od substancji psychoaktywnych<\/li>\n\n\n\n<li>zaburzenia osobowo\u015bci<\/li>\n\n\n\n<li>zaburzenia dysocjacyjne<\/li>\n\n\n\n<li>zaburzenia od\u017cywiania<\/li>\n\n\n\n<li>b\u00f3le chroniczne i b\u00f3le fantomowe Terapia wykorzystywana jest r\u00f3wnie\u017c do pracy z pacjentami o niskiej samoocenie, z brakiem motywacji ,czy te\u017c tkwi\u0105cymi w toksycznych relacjach<\/li>\n<\/ul>\n","protected":false},"excerpt":{"rendered":"<p>TERAPIA EMDR \u2013 CO TO JEST? Terapia EMDR jest pr\u0119\u017cnie rozwijaj\u0105c\u0105 si\u0119 form\u0105 psychoterapii, rekomendowan\u0105 m.in. przez WHO, Ameryka\u0144skie Towarzystwo Psychiatryczne i Psychologiczne oraz Mi\u0119dzynarodow\u0105 Organizacj\u0119 Stresu Traumatycznego. Terapia EMDR jest skuteczn\u0105 metod\u0105 terapii traumy. Pierwotnie by\u0142a wykorzystywana do leczenia zespo\u0142u stresu pourazowego (PTSD). Podstawy metody opracowa\u0142a Francine Shapiro, kt\u00f3ra odkry\u0142a , \u017ce szybkie i [&hellip;]<\/p>\n","protected":false},"author":1,"featured_media":0,"parent":0,"menu_order":0,"comment_status":"closed","ping_status":"closed","template":"","meta":{"footnotes":""},"class_list":["post-78","page","type-page","status-publish","hentry"],"_links":{"self":[{"href":"https:\/\/psychologpachowiczlibera.pl\/index.php\/wp-json\/wp\/v2\/pages\/78","targetHints":{"allow":["GET"]}}],"collection":[{"href":"https:\/\/psychologpachowiczlibera.pl\/index.php\/wp-json\/wp\/v2\/pages"}],"about":[{"href":"https:\/\/psychologpachowiczlibera.pl\/index.php\/wp-json\/wp\/v2\/types\/page"}],"author":[{"embeddable":true,"href":"https:\/\/psychologpachowiczlibera.pl\/index.php\/wp-json\/wp\/v2\/users\/1"}],"replies":[{"embeddable":true,"href":"https:\/\/psychologpachowiczlibera.pl\/index.php\/wp-json\/wp\/v2\/comments?post=78"}],"version-history":[{"count":3,"href":"https:\/\/psychologpachowiczlibera.pl\/index.php\/wp-json\/wp\/v2\/pages\/78\/revisions"}],"predecessor-version":[{"id":145,"href":"https:\/\/psychologpachowiczlibera.pl\/index.php\/wp-json\/wp\/v2\/pages\/78\/revisions\/145"}],"wp:attachment":[{"href":"https:\/\/psychologpachowiczlibera.pl\/index.php\/wp-json\/wp\/v2\/media?parent=78"}],"curies":[{"name":"wp","href":"https:\/\/api.w.org\/{rel}","templated":true}]}}