{"id":83,"date":"2023-05-09T01:09:28","date_gmt":"2023-05-08T23:09:28","guid":{"rendered":"http:\/\/www.psychologpachowiczlibera.pl\/?page_id=83"},"modified":"2023-05-09T11:44:48","modified_gmt":"2023-05-09T09:44:48","slug":"badania-psychologiczne","status":"publish","type":"page","link":"https:\/\/psychologpachowiczlibera.pl\/index.php\/badania-psychologiczne\/","title":{"rendered":"BADANIA PSYCHOLOGICZNE"},"content":{"rendered":"\n<p>Badanie psychologiczne s\u0142u\u017cy do oceny funkcjonowania psychicznego osoby w obszarze poznawczym, emocjonalnym i spo\u0142ecznym. Obejmuje wywiad z pacjentem, analiz\u0119 dokumentacji medycznej, diagnostyk\u0119 za pomoc\u0105 odpowiednio dobranych test\u00f3w psychologicznych. Rezultatem przeprowadzonego badania jest wydanie opinii psychologicznej. <\/p>\n\n\n\n<p>W swoim gabinecie wykonuj\u0119:<\/p>\n\n\n\n<ul class=\"wp-block-list\">\n<li>badania psychologiczne dla cel\u00f3w orzeczniczych<\/li>\n\n\n\n<li>badania na potrzeby diagnoz lekarskich \u2013 psychiatrycznych, neurologicznych itp.<\/li>\n<\/ul>\n\n\n\n<p><\/p>\n\n\n\n<p>Osoby przyst\u0119puj\u0105ce do badania powinny zabra\u0107 ze sob\u0105 :<\/p>\n\n\n\n<ul class=\"wp-block-list\">\n<li>dokument to\u017csamo\u015bci<\/li>\n\n\n\n<li>dokumentacj\u0119 medyczn\u0105<\/li>\n\n\n\n<li>okulary \u2013 je\u015bli osoba u\u017cywa do czytania<\/li>\n<\/ul>\n\n\n\n<p><\/p>\n\n\n\n<p>Diagnoza psychologiczna za pomoc\u0105 test\u00f3w mo\u017ce by\u0107 r\u00f3wnie\u017c pomocna w procesie psychoterapii.<\/p>\n","protected":false},"excerpt":{"rendered":"<p>Badanie psychologiczne s\u0142u\u017cy do oceny funkcjonowania psychicznego osoby w obszarze poznawczym, emocjonalnym i spo\u0142ecznym. Obejmuje wywiad z pacjentem, analiz\u0119 dokumentacji medycznej, diagnostyk\u0119 za pomoc\u0105 odpowiednio dobranych test\u00f3w psychologicznych. Rezultatem przeprowadzonego badania jest wydanie opinii psychologicznej. W swoim gabinecie wykonuj\u0119: Osoby przyst\u0119puj\u0105ce do badania powinny zabra\u0107 ze sob\u0105 : Diagnoza psychologiczna za pomoc\u0105 test\u00f3w mo\u017ce by\u0107 [&hellip;]<\/p>\n","protected":false},"author":1,"featured_media":0,"parent":0,"menu_order":0,"comment_status":"closed","ping_status":"closed","template":"","meta":{"footnotes":""},"class_list":["post-83","page","type-page","status-publish","hentry"],"_links":{"self":[{"href":"https:\/\/psychologpachowiczlibera.pl\/index.php\/wp-json\/wp\/v2\/pages\/83","targetHints":{"allow":["GET"]}}],"collection":[{"href":"https:\/\/psychologpachowiczlibera.pl\/index.php\/wp-json\/wp\/v2\/pages"}],"about":[{"href":"https:\/\/psychologpachowiczlibera.pl\/index.php\/wp-json\/wp\/v2\/types\/page"}],"author":[{"embeddable":true,"href":"https:\/\/psychologpachowiczlibera.pl\/index.php\/wp-json\/wp\/v2\/users\/1"}],"replies":[{"embeddable":true,"href":"https:\/\/psychologpachowiczlibera.pl\/index.php\/wp-json\/wp\/v2\/comments?post=83"}],"version-history":[{"count":3,"href":"https:\/\/psychologpachowiczlibera.pl\/index.php\/wp-json\/wp\/v2\/pages\/83\/revisions"}],"predecessor-version":[{"id":131,"href":"https:\/\/psychologpachowiczlibera.pl\/index.php\/wp-json\/wp\/v2\/pages\/83\/revisions\/131"}],"wp:attachment":[{"href":"https:\/\/psychologpachowiczlibera.pl\/index.php\/wp-json\/wp\/v2\/media?parent=83"}],"curies":[{"name":"wp","href":"https:\/\/api.w.org\/{rel}","templated":true}]}}