{"id":85,"date":"2023-05-09T01:10:15","date_gmt":"2023-05-08T23:10:15","guid":{"rendered":"http:\/\/www.psychologpachowiczlibera.pl\/?page_id=85"},"modified":"2024-04-02T15:11:58","modified_gmt":"2024-04-02T13:11:58","slug":"porady-psychologiczne","status":"publish","type":"page","link":"https:\/\/psychologpachowiczlibera.pl\/index.php\/porady-psychologiczne\/","title":{"rendered":"PORADY PSYCHOLOGICZNE"},"content":{"rendered":"\n<p><strong>KIEDY DO PSYCHOLOGA?<\/strong><\/p>\n\n\n\n<p>Rozpad zwi\u0105zku, utrata pracy, niskie poczucie w\u0142asnej warto\u015bci, chwiejno\u015b\u0107 emocjonalna, l\u0119k, d\u0142ugotrwa\u0142y smutek, fobie&#8230;to tylko niekt\u00f3re z powod\u00f3w wizyty w gabinecie psychologa.<\/p>\n\n\n\n<p>Czasami l\u0119k przed ocen\u0105 ze strony otoczenia, poczucie wstydu, czy te\u017c obawa przed \u201erozdrapywaniem\u201d ran mo\u017ce by\u0107 przyczyn\u0105 unikania wizyty u specjalisty.&nbsp; Warto si\u0119gn\u0105\u0107 po pomoc, je\u015bli towarzyszy nam poczucie niemo\u017cno\u015bci poradzenia sobie z codziennymi problemami i w\u0142asnymi emocjami.<\/p>\n","protected":false},"excerpt":{"rendered":"<p>KIEDY DO PSYCHOLOGA? Rozpad zwi\u0105zku, utrata pracy, niskie poczucie w\u0142asnej warto\u015bci, chwiejno\u015b\u0107 emocjonalna, l\u0119k, d\u0142ugotrwa\u0142y smutek, fobie&#8230;to tylko niekt\u00f3re z powod\u00f3w wizyty w gabinecie psychologa. Czasami l\u0119k przed ocen\u0105 ze strony otoczenia, poczucie wstydu, czy te\u017c obawa przed \u201erozdrapywaniem\u201d ran mo\u017ce by\u0107 przyczyn\u0105 unikania wizyty u specjalisty.&nbsp; Warto si\u0119gn\u0105\u0107 po pomoc, je\u015bli towarzyszy nam poczucie [&hellip;]<\/p>\n","protected":false},"author":1,"featured_media":0,"parent":0,"menu_order":0,"comment_status":"closed","ping_status":"closed","template":"","meta":{"footnotes":""},"class_list":["post-85","page","type-page","status-publish","hentry"],"_links":{"self":[{"href":"https:\/\/psychologpachowiczlibera.pl\/index.php\/wp-json\/wp\/v2\/pages\/85","targetHints":{"allow":["GET"]}}],"collection":[{"href":"https:\/\/psychologpachowiczlibera.pl\/index.php\/wp-json\/wp\/v2\/pages"}],"about":[{"href":"https:\/\/psychologpachowiczlibera.pl\/index.php\/wp-json\/wp\/v2\/types\/page"}],"author":[{"embeddable":true,"href":"https:\/\/psychologpachowiczlibera.pl\/index.php\/wp-json\/wp\/v2\/users\/1"}],"replies":[{"embeddable":true,"href":"https:\/\/psychologpachowiczlibera.pl\/index.php\/wp-json\/wp\/v2\/comments?post=85"}],"version-history":[{"count":7,"href":"https:\/\/psychologpachowiczlibera.pl\/index.php\/wp-json\/wp\/v2\/pages\/85\/revisions"}],"predecessor-version":[{"id":194,"href":"https:\/\/psychologpachowiczlibera.pl\/index.php\/wp-json\/wp\/v2\/pages\/85\/revisions\/194"}],"wp:attachment":[{"href":"https:\/\/psychologpachowiczlibera.pl\/index.php\/wp-json\/wp\/v2\/media?parent=85"}],"curies":[{"name":"wp","href":"https:\/\/api.w.org\/{rel}","templated":true}]}}